{"id":1068,"date":"2022-08-24T00:51:34","date_gmt":"2022-08-24T00:51:34","guid":{"rendered":"https:\/\/ariva.org\/es\/?page_id=1068"},"modified":"2023-04-07T18:42:37","modified_gmt":"2023-04-07T18:42:37","slug":"impuestosforma","status":"publish","type":"page","link":"https:\/\/ariva.org\/es\/impuestosforma\/","title":{"rendered":"Formulario de consulta de preparaci\u00f3n de impuestos gratis"},"content":{"rendered":"<p>Gracias por su inter\u00e9s en recibir la preparaci\u00f3n de impuestos gratis. Por favor complete el breve formulario a continuaci\u00f3n. Si califica para recibir nuestros servicios, nuestro equipo se comunicar\u00e1 con usted en breve para programar una cita. \u00a1Gracias! Esperamos hablar con usted pronto.<\/p>\n<form action=\"https:\/\/webto.salesforce.com\/servlet\/servlet.WebToLead?encoding=UTF-8\" method=\"POST\"><input name=\"oid\" type=\"hidden\" value=\"00Do0000000ZbG6\" \/><br \/>\n<input name=\"retURL\" type=\"hidden\" value=\"https:\/\/ariva.org\/es\/thank-you\/\" \/><!-- ---------------------------------------------------------------------- --><br \/>\n<!-- <label for=\"company\">Company<\/label><input id=\"company\" maxlength=\"40\" name=\"company\" size=\"20\" type=\"text\" \/> --><br \/>\n<label for=\"first_name\">Primer nombre<\/label><input id=\"first_name\" maxlength=\"40\" name=\"first_name\" size=\"20\" type=\"text\" \/><br \/>\n<label for=\"last_name\">Apellido<\/label><input id=\"last_name\" maxlength=\"80\" name=\"last_name\" size=\"20\" type=\"text\" \/><br \/>\n<label for=\"email\">Correo electr\u00f3nico<\/label><input id=\"email\" maxlength=\"80\" name=\"email\" size=\"20\" type=\"text\" \/><br \/>\n<label for=\"mobile\">Mobile<\/label><input id=\"mobile\" maxlength=\"40\" name=\"mobile\" size=\"20\" type=\"text\" \/><br \/>\n<span class=\"sf-header-selection\">Borough:<\/span><select id=\"00N3m00000Pwdhk\" title=\"Borough\" name=\"00N3m00000Pwdhk\"><option value=\"\">&#8211;None&#8211;<\/option><option value=\"The Bronx\">The Bronx<\/option><option value=\"Brooklyn\">Brooklyn<\/option><option value=\"Manhattan\">Manhattan<\/option><option value=\"Queens\">Queens<\/option><option value=\"Staten Island\">Staten Island<\/option><\/select><\/p>\n<p><span class=\"sf-header-selection\">Estado civil:<\/span><select id=\"00N3m00000Pwdhp\" title=\"Filing Status\" name=\"00N3m00000Pwdhp\"><option value=\"\">&#8211;Nada&#8211;<\/option><option value=\"Single\">Solo<\/option><option value=\"Joint or Married\">Conjunto o casado<\/option><\/select><\/p>\n<p><span class=\"sf-header-selection\">Rango de ingresos anuales en d\u00f3lares estadounidenses:<\/span><select id=\"00N3m00000Pwdhu\" title=\"Annual Income Range in US dollars\" name=\"00N3m00000Pwdhu\"><option value=\"\">&#8211;Nada&#8211;<\/option><option value=\"$32,000 or less ( single filers)\">$32.000 o menos (rellenos individuales)<\/option><option value=\"$58,000 or less ( married filing joint or filers with dependents)\">$58.000 o menos (casado que presenta una declaraci\u00f3n conjunta o rellenos con dependientes)<\/option><\/select><\/p>\n<p><select style=\"display: none\" id=\"lead_source\" name=\"lead_source\"><option value=\"Web - Tax\">Web<\/option><\/select><\/p>\n<p><input type=\"hidden\" id=\"00N3m00000Qa0Ty\" name=\"00N3m00000Qa0Ty\" checked=\"true\" type=\"checkbox\" value=\"1\" \/><\/p>\n<p><input name=\"submit\" type=\"submit\" value=\"Enviar\" \/><\/p>\n<\/form>\n<div style=\"position: static !important;\"><\/div>\n<div style=\"position: static !important;\"><\/div>\n<div style=\"position: static !important;\"><\/div>\n","protected":false},"excerpt":{"rendered":"<p>Gracias por su inter\u00e9s en recibir la preparaci\u00f3n de impuestos gratis. Por favor complete el breve formulario a continuaci\u00f3n. Si califica para recibir nuestros servicios, nuestro equipo se comunicar\u00e1 con usted en breve para programar una cita. \u00a1Gracias! Esperamos hablar con usted pronto. Primer nombre Apellido Correo electr\u00f3nico Mobile Borough:&#8211;None&#8211;The BronxBrooklynManhattanQueensStaten Island Estado civil:&#8211;Nada&#8211;SoloConjunto o [&hellip;]<\/p>\n","protected":false},"author":2,"featured_media":0,"parent":0,"menu_order":0,"comment_status":"closed","ping_status":"closed","template":"","meta":{"inline_featured_image":false},"acf":[],"_links":{"self":[{"href":"https:\/\/ariva.org\/es\/wp-json\/wp\/v2\/pages\/1068"}],"collection":[{"href":"https:\/\/ariva.org\/es\/wp-json\/wp\/v2\/pages"}],"about":[{"href":"https:\/\/ariva.org\/es\/wp-json\/wp\/v2\/types\/page"}],"author":[{"embeddable":true,"href":"https:\/\/ariva.org\/es\/wp-json\/wp\/v2\/users\/2"}],"replies":[{"embeddable":true,"href":"https:\/\/ariva.org\/es\/wp-json\/wp\/v2\/comments?post=1068"}],"version-history":[{"count":17,"href":"https:\/\/ariva.org\/es\/wp-json\/wp\/v2\/pages\/1068\/revisions"}],"predecessor-version":[{"id":1573,"href":"https:\/\/ariva.org\/es\/wp-json\/wp\/v2\/pages\/1068\/revisions\/1573"}],"wp:attachment":[{"href":"https:\/\/ariva.org\/es\/wp-json\/wp\/v2\/media?parent=1068"}],"curies":[{"name":"wp","href":"https:\/\/api.w.org\/{rel}","templated":true}]}}